{"id":4956,"date":"2023-03-31T13:49:41","date_gmt":"2023-03-31T11:49:41","guid":{"rendered":"https:\/\/www.jannis-welt.de\/?page_id=4956"},"modified":"2025-02-19T17:32:00","modified_gmt":"2025-02-19T16:32:00","slug":"willkommen-auf-jannis-welt","status":"publish","type":"page","link":"https:\/\/www.jannis-welt.de\/","title":{"rendered":"Willkommen auf Jannis-Welt"},"content":{"rendered":"\n<p>Angefangen habe ich mit dem Bloggen Anfang 2005, als ich f\u00fcr ein Praktikum in <a rel=\"noreferrer noopener\" href=\"http:\/\/www.travel.jannis-welt.de\/Schweden\/index.htm\" data-type=\"URL\" data-id=\"http:\/\/www.travel.jannis-welt.de\/Schweden\/index.htm\" target=\"_blank\">Stockholm, Schweden <\/a>war und nicht immer wieder das Gleiche an verschiedene Leute schreiben wollte. Stattdessen habe ich einfach hin und wieder berichtet, was ich in den 3 Monaten so alles erlebt habe.<\/p>\n\n\n\n<p>Als ich ein Jahr sp\u00e4ter in die USA ging, um dort meine Diplomarbeit zu schreiben, habe ich den Blog einfach fortgesetzt. Technisch gab es nat\u00fcrlich immer wieder \u00c4nderungen, darum ist auch nicht alles ganz vollst\u00e4ndig. Aber f\u00fcr die alten Kamellen interessiert sich au\u00dfer mir vermutlich eh niemand mehr \ud83d\ude09<\/p>\n\n\n\n<p>Diese WordPress-Seite hat mich dann weiter w\u00e4hrend meiner Promotion in <a href=\"https:\/\/www.jannis-welt.de\/?cat=10\" data-type=\"URL\" data-id=\"https:\/\/www.jannis-welt.de\/?cat=10\">Konstanz<\/a> begleitet und auch dar\u00fcber hinaus, gab es immer mal wieder etwas zu berichten.<\/p>\n\n\n\n<p>2019 ist das Ganze dann irgendwie eingeschlafen, der Alltag gab nicht mehr so viel Spannendes her und dank Corona gab es selbst die wenigen berichtenswerten Erlebnisse nicht mehr.<\/p>\n\n\n\n<p>Bis ein <a href=\"https:\/\/www.jannis-welt.de\/?p=4871\" data-type=\"URL\" data-id=\"https:\/\/www.jannis-welt.de\/?p=4871\">Unfall<\/a> im September 2022 mein Leben auf den Kopf stellte. Mit einem einfachen Beinbruch schien ich glimpflich davon gekommen zu sein, w\u00e4re da nicht dieser Tumor auf dem CT aufgetaucht.<\/p>\n\n\n\n<p> Die Diagnose <a href=\"https:\/\/www.jannis-welt.de\/?cat=56\" data-type=\"URL\" data-id=\"https:\/\/www.jannis-welt.de\/?cat=56\">Krebs<\/a> \u00e4ndert nicht nur das Leben selbst, sondern auch den Blick darauf. Darum habe ich wieder angefangen, aus meinem Leben nach der Diagnose zu berichten.<\/p>\n\n\n\n<hr class=\"wp-block-separator has-alpha-channel-opacity\"\/>\n\n\n\n<h2 class=\"wp-block-heading\">Letzter Beitrag<\/h2>\n\n\n\n<div class=\"wp-block-query is-layout-flow wp-block-query-is-layout-flow\"><ul class=\"wp-block-post-template is-layout-flow wp-block-post-template-is-layout-flow\"><li class=\"wp-block-post post-5672 post type-post status-publish format-standard has-post-thumbnail hentry category-reisen category-wandern\">\n\n<div class=\"wp-block-columns alignwide is-layout-flex wp-container-core-columns-is-layout-28f84493 wp-block-columns-is-layout-flex\">\n<div class=\"wp-block-column is-layout-flow wp-block-column-is-layout-flow\" style=\"flex-basis:66.66%\"><figure class=\"wp-block-post-featured-image\"><a href=\"https:\/\/www.jannis-welt.de\/?p=5672\" target=\"_self\"  ><img loading=\"lazy\" decoding=\"async\" width=\"1920\" height=\"2560\" src=\"https:\/\/www.jannis-welt.de\/wordpress\/wp-content\/uploads\/2026\/02\/IMG_2481-scaled.jpeg\" class=\"attachment-post-thumbnail size-post-thumbnail wp-post-image\" alt=\"Wanderurlaub auf Madeira\" style=\"object-fit:cover;\" srcset=\"https:\/\/www.jannis-welt.de\/wordpress\/wp-content\/uploads\/2026\/02\/IMG_2481-scaled.jpeg 1920w, https:\/\/www.jannis-welt.de\/wordpress\/wp-content\/uploads\/2026\/02\/IMG_2481-375x500.jpeg 375w, https:\/\/www.jannis-welt.de\/wordpress\/wp-content\/uploads\/2026\/02\/IMG_2481-768x1024.jpeg 768w, https:\/\/www.jannis-welt.de\/wordpress\/wp-content\/uploads\/2026\/02\/IMG_2481-1152x1536.jpeg 1152w, https:\/\/www.jannis-welt.de\/wordpress\/wp-content\/uploads\/2026\/02\/IMG_2481-1536x2048.jpeg 1536w, https:\/\/www.jannis-welt.de\/wordpress\/wp-content\/uploads\/2026\/02\/IMG_2481-1024x1365.jpeg 1024w, https:\/\/www.jannis-welt.de\/wordpress\/wp-content\/uploads\/2026\/02\/IMG_2481-1320x1760.jpeg 1320w\" sizes=\"auto, (max-width: 1920px) 100vw, 1920px\" \/><\/a><\/figure><\/div>\n\n\n\n<div class=\"wp-block-column is-layout-flow wp-block-column-is-layout-flow\" style=\"flex-basis:33.33%\"><h2 class=\"wp-block-post-title\"><a href=\"https:\/\/www.jannis-welt.de\/?p=5672\" target=\"_self\" >Wanderurlaub auf Madeira<\/a><\/h2>\n\n<div class=\"wp-block-post-excerpt\"><p class=\"wp-block-post-excerpt__excerpt\">Wie w\u00e4re es eigentlich, dem tristen Winter mal f\u00fcr ein paar Tage zu entfliehen und stattdessen irgendwo in w\u00e4rmeren Gefilden die Sonne zu genie\u00dfen? Diesem Gedanken hing ich im Herbst 25 mit Aussicht auf den kommen Winter nach. Ein wenig&hellip;<\/p><p class=\"wp-block-post-excerpt__more-text\"><a class=\"wp-block-post-excerpt__more-link\" href=\"https:\/\/www.jannis-welt.de\/?p=5672\">Weiterlesen<\/a><\/p><\/div><\/div>\n<\/div>\n\n<\/li><\/ul><\/div>\n","protected":false},"excerpt":{"rendered":"<p>Angefangen habe ich mit dem Bloggen Anfang 2005, als ich f\u00fcr ein Praktikum in Stockholm, Schweden war und nicht immer wieder das Gleiche an verschiedene Leute schreiben wollte. Stattdessen habe ich einfach hin und wieder berichtet, was ich in den 3 Monaten so alles erlebt habe. Als ich ein Jahr sp\u00e4ter in die USA ging, [&hellip;]<\/p>\n","protected":false},"author":1,"featured_media":0,"parent":0,"menu_order":0,"comment_status":"closed","ping_status":"closed","template":"","meta":{"footnotes":""},"class_list":["post-4956","page","type-page","status-publish","hentry"],"_links":{"self":[{"href":"https:\/\/www.jannis-welt.de\/index.php?rest_route=\/wp\/v2\/pages\/4956","targetHints":{"allow":["GET"]}}],"collection":[{"href":"https:\/\/www.jannis-welt.de\/index.php?rest_route=\/wp\/v2\/pages"}],"about":[{"href":"https:\/\/www.jannis-welt.de\/index.php?rest_route=\/wp\/v2\/types\/page"}],"author":[{"embeddable":true,"href":"https:\/\/www.jannis-welt.de\/index.php?rest_route=\/wp\/v2\/users\/1"}],"replies":[{"embeddable":true,"href":"https:\/\/www.jannis-welt.de\/index.php?rest_route=%2Fwp%2Fv2%2Fcomments&post=4956"}],"version-history":[{"count":17,"href":"https:\/\/www.jannis-welt.de\/index.php?rest_route=\/wp\/v2\/pages\/4956\/revisions"}],"predecessor-version":[{"id":5645,"href":"https:\/\/www.jannis-welt.de\/index.php?rest_route=\/wp\/v2\/pages\/4956\/revisions\/5645"}],"wp:attachment":[{"href":"https:\/\/www.jannis-welt.de\/index.php?rest_route=%2Fwp%2Fv2%2Fmedia&parent=4956"}],"curies":[{"name":"wp","href":"https:\/\/api.w.org\/{rel}","templated":true}]}}